{"id":1007,"date":"2025-11-07T00:10:00","date_gmt":"2025-11-07T00:10:00","guid":{"rendered":"https:\/\/maisonhirondelle.com\/?post_type=product&#038;p=1007"},"modified":"2026-04-17T14:47:54","modified_gmt":"2026-04-17T14:47:54","slug":"couette-premium-confort-absolu-100-fibre-creuse-siliconee","status":"publish","type":"product","link":"https:\/\/maisonhirondelle.com\/index.php\/product\/couette-premium-confort-absolu-100-fibre-creuse-siliconee\/","title":{"rendered":"Couette Premium \u2013 En Ouate silicon\u00e9 Extra Vierge"},"content":{"rendered":"<p>Plongez dans un cocon de douceur avec la Couette Premium Maison d\u2019Hirondelle, con\u00e7ue pour celles et ceux qui recherchent un confort haut de gamme.<\/p>\n<p>\u2714\ufe0f Composition : 100% fibre creuse silicon\u00e9e pour une l\u00e9g\u00e8ret\u00e9 et un gonflant exceptionnels.<br \/>\n\u2714\ufe0f Enveloppe : microfibre douce au toucher peau de p\u00eache.<br \/>\n\u2714\ufe0f Grammage : 300 g\/m\u00b2, id\u00e9al pour une chaleur \u00e9quilibr\u00e9e en toute saison.<br \/>\n\u2714\ufe0f Entretien facile : lavable en machine, s\u00e9chage rapide.<br \/>\n\u2714\ufe0f Hygi\u00e8ne garantie : traitement anti-allergique et anti-acarien.<\/p>\n<p>Cette couette allie qualit\u00e9, esth\u00e9tisme et durabilit\u00e9, fid\u00e8le \u00e0 l\u2019esprit Maison d\u2019Hirondelle : des produits pens\u00e9s pour embellir votre quotidien, naturellement.<\/p>\n<p>\ud83d\udca4 Disponible en plusieurs tailles :<\/p>\n<p>160 \u00d7 240 cm<\/p>\n<p>230 \u00d7 240 cm<\/p>\n<p>260 \u00d7 240 cm<\/p>\n<p>\ud83d\udcab Fabrication tunisienne \u2013 Qualit\u00e9 sup\u00e9rieure<\/p>\n","protected":false},"excerpt":{"rendered":"<p data-start=\"341\" data-end=\"599\">Offrez-vous des nuits parfaites avec notre <strong data-start=\"384\" data-end=\"423\">Couette Premium Maison d\u2019Hirondelle<\/strong>, confectionn\u00e9e avec soin en fibre creuse silicon\u00e9e et enveloppe microfibre ultra douce.<br data-start=\"511\" data-end=\"514\" \/>Lavable, anti-allergique et anti-acarien, elle allie confort, l\u00e9g\u00e8ret\u00e9 et durabilit\u00e9.<\/p>\n","protected":false},"featured_media":1012,"comment_status":"open","ping_status":"closed","template":"","meta":[],"etheme_brands":[],"product_brand":[],"product_cat":[79],"product_tag":[95,92,98,97,93,96,94],"class_list":{"0":"post-1007","1":"product","2":"type-product","3":"status-publish","4":"has-post-thumbnail","6":"product_cat-couettes","7":"product_tag-00-fibre-creuse-siliconee","8":"product_tag-300-g-m","9":"product_tag-anti-acarien","10":"product_tag-anti-allergique","11":"product_tag-lavable-en-machine","12":"product_tag-microfibre","13":"product_tag-sechage-rapide","15":"first","16":"instock","17":"shipping-taxable","18":"purchasable","19":"product-type-variable"},"jetpack_sharing_enabled":true,"_links":{"self":[{"href":"https:\/\/maisonhirondelle.com\/index.php\/wp-json\/wp\/v2\/product\/1007","targetHints":{"allow":["GET"]}}],"collection":[{"href":"https:\/\/maisonhirondelle.com\/index.php\/wp-json\/wp\/v2\/product"}],"about":[{"href":"https:\/\/maisonhirondelle.com\/index.php\/wp-json\/wp\/v2\/types\/product"}],"replies":[{"embeddable":true,"href":"https:\/\/maisonhirondelle.com\/index.php\/wp-json\/wp\/v2\/comments?post=1007"}],"version-history":[{"count":4,"href":"https:\/\/maisonhirondelle.com\/index.php\/wp-json\/wp\/v2\/product\/1007\/revisions"}],"predecessor-version":[{"id":1079,"href":"https:\/\/maisonhirondelle.com\/index.php\/wp-json\/wp\/v2\/product\/1007\/revisions\/1079"}],"wp:featuredmedia":[{"embeddable":true,"href":"https:\/\/maisonhirondelle.com\/index.php\/wp-json\/wp\/v2\/media\/1012"}],"wp:attachment":[{"href":"https:\/\/maisonhirondelle.com\/index.php\/wp-json\/wp\/v2\/media?parent=1007"}],"wp:term":[{"taxonomy":"brand","embeddable":true,"href":"https:\/\/maisonhirondelle.com\/index.php\/wp-json\/wp\/v2\/etheme_brands?post=1007"},{"taxonomy":"product_brand","embeddable":true,"href":"https:\/\/maisonhirondelle.com\/index.php\/wp-json\/wp\/v2\/product_brand?post=1007"},{"taxonomy":"product_cat","embeddable":true,"href":"https:\/\/maisonhirondelle.com\/index.php\/wp-json\/wp\/v2\/product_cat?post=1007"},{"taxonomy":"product_tag","embeddable":true,"href":"https:\/\/maisonhirondelle.com\/index.php\/wp-json\/wp\/v2\/product_tag?post=1007"}],"curies":[{"name":"wp","href":"https:\/\/api.w.org\/{rel}","templated":true}]}}