{"id":1026,"date":"2025-11-07T01:01:34","date_gmt":"2025-11-07T01:01:34","guid":{"rendered":"https:\/\/maisonhirondelle.com\/?post_type=product&#038;p=1026"},"modified":"2025-11-07T01:03:02","modified_gmt":"2025-11-07T01:03:02","slug":"pack-2-oreillers-premium-70x50-confort-absolu","status":"publish","type":"product","link":"https:\/\/maisonhirondelle.com\/index.php\/product\/pack-2-oreillers-premium-70x50-confort-absolu\/","title":{"rendered":"Pack 2 Oreillers Premium 70\u00d750 \u2013 Confort absolu"},"content":{"rendered":"<p data-start=\"1120\" data-end=\"1431\">Offrez \u00e0 vos nuits le confort qu\u2019elles m\u00e9ritent avec la <strong data-start=\"1176\" data-end=\"1231\">nouvelle collection d\u2019oreillers Maison d\u2019Hirondelle<\/strong>.<br data-start=\"1232\" data-end=\"1235\" \/>Con\u00e7us avec soin \u00e0 partir de <strong data-start=\"1264\" data-end=\"1303\">fibre creuse silicon\u00e9e extra vierge<\/strong>, nos oreillers assurent un maintien parfait de la t\u00eate et de la nuque tout en garantissant une douceur a\u00e9rienne incomparable.<\/p>\n<h3 data-start=\"1433\" data-end=\"1469\">Des mat\u00e9riaux haut de gamme<\/h3>\n<p data-start=\"1470\" data-end=\"1776\">\u2714\ufe0f <strong data-start=\"1473\" data-end=\"1499\">Fibre creuse silicon\u00e9e<\/strong> : garnissage respirant et moelleux qui conserve sa forme dans le temps.<br data-start=\"1571\" data-end=\"1574\" \/>\u2714\ufe0f <strong data-start=\"1577\" data-end=\"1610\">Enveloppe microfibre perfor\u00e9e<\/strong> : pour un <strong data-start=\"1621\" data-end=\"1657\">toucher peau de p\u00eache ultra doux<\/strong> et une meilleure circulation de l\u2019air.<br data-start=\"1696\" data-end=\"1699\" \/>\u2714\ufe0f <strong data-start=\"1702\" data-end=\"1721\">Format 70\u00d750 cm<\/strong> : dimensions id\u00e9ales pour tous les types de literie.<\/p>\n<h3 data-start=\"1778\" data-end=\"1817\">Hygi\u00e8ne et entretien facilit\u00e9s<\/h3>\n<p data-start=\"1818\" data-end=\"1987\">Nos oreillers sont <strong data-start=\"1837\" data-end=\"1867\">lavables en machine \u00e0 30\u00b0C<\/strong>, trait\u00e9s <strong data-start=\"1877\" data-end=\"1915\">anti-acariens et anti-transpirants<\/strong>, et garantissent une hygi\u00e8ne impeccable m\u00eame apr\u00e8s plusieurs lavages.<\/p>\n<h3 data-start=\"1989\" data-end=\"2024\">Design et finition raffin\u00e9e<\/h3>\n<p data-start=\"2025\" data-end=\"2176\">Leur design \u00e9l\u00e9gant et l\u00e9g\u00e8rement bomb\u00e9 au centre apporte une touche de modernit\u00e9 \u00e0 votre literie tout en offrant un <strong data-start=\"2142\" data-end=\"2165\">soutien ergonomique<\/strong> optimal.<\/p>\n","protected":false},"excerpt":{"rendered":"<p data-start=\"640\" data-end=\"979\">Plongez dans un confort absolu avec nos oreillers <strong data-start=\"690\" data-end=\"713\">Maison d\u2019Hirondelle<\/strong>, con\u00e7us pour offrir un soutien parfait et un toucher d\u2019une douceur exceptionnelle.<br data-start=\"796\" data-end=\"799\" \/>Garnissage <strong data-start=\"810\" data-end=\"854\">100% fibre creuse silicon\u00e9e extra vierge<\/strong>, respirant et durable, pour des nuits l\u00e9g\u00e8res et un r\u00e9veil tout en douceur.<br data-start=\"930\" data-end=\"933\" \/>\u2728 Lavable, anti-acarien et anti-transpirant.<\/p>\n<p data-start=\"640\" data-end=\"979\">Disponible en pack de 1, 2, 3 ou 4 oreillers \u2013 le confort adapt\u00e9 \u00e0 vos besoins.<\/p>\n","protected":false},"featured_media":1022,"comment_status":"open","ping_status":"closed","template":"","meta":[],"etheme_brands":[],"product_brand":[],"product_cat":[78],"product_tag":[100],"class_list":{"0":"post-1026","1":"product","2":"type-product","3":"status-publish","4":"has-post-thumbnail","6":"product_cat-oreillers","7":"product_tag-sans-zip","9":"first","10":"instock","11":"shipping-taxable","12":"purchasable","13":"product-type-simple"},"jetpack_sharing_enabled":true,"_links":{"self":[{"href":"https:\/\/maisonhirondelle.com\/index.php\/wp-json\/wp\/v2\/product\/1026","targetHints":{"allow":["GET"]}}],"collection":[{"href":"https:\/\/maisonhirondelle.com\/index.php\/wp-json\/wp\/v2\/product"}],"about":[{"href":"https:\/\/maisonhirondelle.com\/index.php\/wp-json\/wp\/v2\/types\/product"}],"replies":[{"embeddable":true,"href":"https:\/\/maisonhirondelle.com\/index.php\/wp-json\/wp\/v2\/comments?post=1026"}],"version-history":[{"count":1,"href":"https:\/\/maisonhirondelle.com\/index.php\/wp-json\/wp\/v2\/product\/1026\/revisions"}],"predecessor-version":[{"id":1027,"href":"https:\/\/maisonhirondelle.com\/index.php\/wp-json\/wp\/v2\/product\/1026\/revisions\/1027"}],"wp:featuredmedia":[{"embeddable":true,"href":"https:\/\/maisonhirondelle.com\/index.php\/wp-json\/wp\/v2\/media\/1022"}],"wp:attachment":[{"href":"https:\/\/maisonhirondelle.com\/index.php\/wp-json\/wp\/v2\/media?parent=1026"}],"wp:term":[{"taxonomy":"brand","embeddable":true,"href":"https:\/\/maisonhirondelle.com\/index.php\/wp-json\/wp\/v2\/etheme_brands?post=1026"},{"taxonomy":"product_brand","embeddable":true,"href":"https:\/\/maisonhirondelle.com\/index.php\/wp-json\/wp\/v2\/product_brand?post=1026"},{"taxonomy":"product_cat","embeddable":true,"href":"https:\/\/maisonhirondelle.com\/index.php\/wp-json\/wp\/v2\/product_cat?post=1026"},{"taxonomy":"product_tag","embeddable":true,"href":"https:\/\/maisonhirondelle.com\/index.php\/wp-json\/wp\/v2\/product_tag?post=1026"}],"curies":[{"name":"wp","href":"https:\/\/api.w.org\/{rel}","templated":true}]}}